{"id":218,"date":"2023-11-16T13:10:15","date_gmt":"2023-11-16T13:10:15","guid":{"rendered":"https:\/\/www.zeitgeistirland24.com\/about\/"},"modified":"2023-12-06T10:45:36","modified_gmt":"2023-12-06T10:45:36","slug":"about","status":"publish","type":"page","link":"https:\/\/www.zeitgeistirland24.com\/de\/about\/","title":{"rendered":"Zeitgeist Irland 24"},"content":{"rendered":"\n<h2 class=\"wp-block-heading\">Eine Saison irischer Kunst und Kultur in Deutschland im Jahr 2024<\/h2>\n\n\n\n<p>Eine Initiative von Culture Ireland und der Botschaft von Irland in Deutschland.<\/p>\n\n\n\n<p><strong>Zeitgeist Irland 24&nbsp;<\/strong>zelebriert&nbsp;den Reichtum und die Vielfalt der zeitgen\u00f6ssischen irischen Kultur. Von Literaturgr\u00f6\u00dfen aus allen Epochen bis hin zu traditioneller irischer Musik, Tanz und Performances, die in der ganzen Welt Resonanz gefunden haben, waren irische K\u00fcnstler*innen schon immer daf\u00fcr bekannt, Grenzen zu \u00fcberschreiten. <\/p>\n\n\n\n<p><strong><em>Zeitgeist Irland 24<\/em><\/strong> bringt eine neue Generation von irischen K\u00fcnstler*innen nach Deutschland, die die gemeinsame Geschichte und die Erfahrungen der irischen Menschen miteinander verkn\u00fcpfen, weiterhin Grenzen \u00fcberschreiten und auf unserem weltweiten Ruf f\u00fcr kulturelle Exzellenz aufbauen. <\/p>\n\n\n\n<h2 class=\"wp-block-heading\">Seien Sie bei <strong><em>Zeitgeist Irland 24 <\/em>dabei!<\/strong><\/h2>\n\n\n\n<p><strong><em>Zeitgeist Irland 24<\/em><\/strong> ist eine gemeinsame Investition von 2,5 Millionen Euro in eine Saison irischer Kunst und Kultur in Deutschland, die im M\u00e4rz 2023 von der Ministerin f\u00fcr Tourismus, Kultur, Kunst, Gaeltacht, Sport und Medien, Catherine Martin, und dem T\u00e1naiste und Au\u00dfenminister Miche\u00e1l Martin eingeleitet wurde.<\/p>\n","protected":false},"excerpt":{"rendered":"<p>Eine Saison irischer Kunst und Kultur in Deutschland im Jahr 2024 Eine Initiative von Culture Ireland und der Botschaft von Irland in Deutschland. Zeitgeist Irland 24&nbsp;zelebriert&nbsp;den Reichtum und die Vielfalt &hellip; <a href=\"https:\/\/www.zeitgeistirland24.com\/de\/about\/\">Continued<\/a><\/p>\n","protected":false},"author":2,"featured_media":0,"parent":0,"menu_order":0,"comment_status":"closed","ping_status":"closed","template":"","meta":{"_acf_changed":false,"_uag_custom_page_level_css":"","footnotes":""},"class_list":["post-218","page","type-page","status-publish","hentry"],"acf":[],"yoast_head":"<!-- This site is optimized with the Yoast SEO plugin v25.0 - https:\/\/yoast.com\/wordpress\/plugins\/seo\/ -->\n<title>Zeitgeist Irland 24 - Zeitgeist Irland 24<\/title>\n<meta name=\"robots\" content=\"index, follow, max-snippet:-1, max-image-preview:large, max-video-preview:-1\" \/>\n<link rel=\"canonical\" href=\"https:\/\/www.zeitgeistirland24.com\/de\/about\/\" \/>\n<meta property=\"og:locale\" content=\"de_DE\" \/>\n<meta property=\"og:type\" content=\"article\" \/>\n<meta property=\"og:title\" content=\"Zeitgeist Irland 24 - Zeitgeist Irland 24\" \/>\n<meta property=\"og:description\" content=\"Eine Saison irischer Kunst und Kultur in Deutschland im Jahr 2024 Eine Initiative von Culture Ireland und der Botschaft von Irland in Deutschland. Zeitgeist Irland 24&nbsp;zelebriert&nbsp;den Reichtum und die Vielfalt &hellip; Continued\" \/>\n<meta property=\"og:url\" content=\"https:\/\/www.zeitgeistirland24.com\/de\/about\/\" \/>\n<meta property=\"og:site_name\" content=\"Zeitgeist Irland 24\" \/>\n<meta property=\"article:publisher\" content=\"https:\/\/www.facebook.com\/DepartmentofCultureIRL\/\" \/>\n<meta property=\"article:modified_time\" content=\"2023-12-06T10:45:36+00:00\" \/>\n<meta name=\"twitter:card\" content=\"summary_large_image\" \/>\n<meta name=\"twitter:site\" content=\"@DeptCultureIRL\" \/>\n<meta name=\"twitter:label1\" content=\"Est. reading time\" \/>\n\t<meta name=\"twitter:data1\" content=\"1 minute\" \/>\n<script type=\"application\/ld+json\" class=\"yoast-schema-graph\">{\"@context\":\"https:\/\/schema.org\",\"@graph\":[{\"@type\":\"WebPage\",\"@id\":\"https:\/\/www.zeitgeistirland24.com\/de\/about\/\",\"url\":\"https:\/\/www.zeitgeistirland24.com\/de\/about\/\",\"name\":\"Zeitgeist Irland 24 - Zeitgeist Irland 24\",\"isPartOf\":{\"@id\":\"https:\/\/www.zeitgeistirland24.com\/#website\"},\"datePublished\":\"2023-11-16T13:10:15+00:00\",\"dateModified\":\"2023-12-06T10:45:36+00:00\",\"breadcrumb\":{\"@id\":\"https:\/\/www.zeitgeistirland24.com\/de\/about\/#breadcrumb\"},\"inLanguage\":\"de-DE\",\"potentialAction\":[{\"@type\":\"ReadAction\",\"target\":[\"https:\/\/www.zeitgeistirland24.com\/de\/about\/\"]}]},{\"@type\":\"BreadcrumbList\",\"@id\":\"https:\/\/www.zeitgeistirland24.com\/de\/about\/#breadcrumb\",\"itemListElement\":[{\"@type\":\"ListItem\",\"position\":1,\"name\":\"Home\",\"item\":\"https:\/\/www.zeitgeistirland24.com\/de\/\"},{\"@type\":\"ListItem\",\"position\":2,\"name\":\"Zeitgeist Irland 24\"}]},{\"@type\":\"WebSite\",\"@id\":\"https:\/\/www.zeitgeistirland24.com\/#website\",\"url\":\"https:\/\/www.zeitgeistirland24.com\/\",\"name\":\"Zeitgeist Irland 24\",\"description\":\"A season of Irish arts and culture in Germany throughout 2024\",\"publisher\":{\"@id\":\"https:\/\/www.zeitgeistirland24.com\/#organization\"},\"potentialAction\":[{\"@type\":\"SearchAction\",\"target\":{\"@type\":\"EntryPoint\",\"urlTemplate\":\"https:\/\/www.zeitgeistirland24.com\/?s={search_term_string}\"},\"query-input\":{\"@type\":\"PropertyValueSpecification\",\"valueRequired\":true,\"valueName\":\"search_term_string\"}}],\"inLanguage\":\"de-DE\"},{\"@type\":\"Organization\",\"@id\":\"https:\/\/www.zeitgeistirland24.com\/#organization\",\"name\":\"Zeitgeist Irland 24\",\"url\":\"https:\/\/www.zeitgeistirland24.com\/\",\"logo\":{\"@type\":\"ImageObject\",\"inLanguage\":\"de-DE\",\"@id\":\"https:\/\/www.zeitgeistirland24.com\/#\/schema\/logo\/image\/\",\"url\":\"https:\/\/www.zeitgeistirland24.com\/app\/uploads\/2023\/11\/zeitgeist-logo.png\",\"contentUrl\":\"https:\/\/www.zeitgeistirland24.com\/app\/uploads\/2023\/11\/zeitgeist-logo.png\",\"width\":640,\"height\":352,\"caption\":\"Zeitgeist Irland 24\"},\"image\":{\"@id\":\"https:\/\/www.zeitgeistirland24.com\/#\/schema\/logo\/image\/\"},\"sameAs\":[\"https:\/\/www.facebook.com\/DepartmentofCultureIRL\/\",\"https:\/\/x.com\/DeptCultureIRL\",\"https:\/\/www.instagram.com\/tourism.culture.gaeltacht\"]}]}<\/script>\n<!-- \/ Yoast SEO plugin. -->","yoast_head_json":{"title":"Zeitgeist Irland 24 - Zeitgeist Irland 24","robots":{"index":"index","follow":"follow","max-snippet":"max-snippet:-1","max-image-preview":"max-image-preview:large","max-video-preview":"max-video-preview:-1"},"canonical":"https:\/\/www.zeitgeistirland24.com\/de\/about\/","og_locale":"de_DE","og_type":"article","og_title":"Zeitgeist Irland 24 - Zeitgeist Irland 24","og_description":"Eine Saison irischer Kunst und Kultur in Deutschland im Jahr 2024 Eine Initiative von Culture Ireland und der Botschaft von Irland in Deutschland. Zeitgeist Irland 24&nbsp;zelebriert&nbsp;den Reichtum und die Vielfalt &hellip; Continued","og_url":"https:\/\/www.zeitgeistirland24.com\/de\/about\/","og_site_name":"Zeitgeist Irland 24","article_publisher":"https:\/\/www.facebook.com\/DepartmentofCultureIRL\/","article_modified_time":"2023-12-06T10:45:36+00:00","twitter_card":"summary_large_image","twitter_site":"@DeptCultureIRL","twitter_misc":{"Est. reading time":"1 minute"},"schema":{"@context":"https:\/\/schema.org","@graph":[{"@type":"WebPage","@id":"https:\/\/www.zeitgeistirland24.com\/de\/about\/","url":"https:\/\/www.zeitgeistirland24.com\/de\/about\/","name":"Zeitgeist Irland 24 - Zeitgeist Irland 24","isPartOf":{"@id":"https:\/\/www.zeitgeistirland24.com\/#website"},"datePublished":"2023-11-16T13:10:15+00:00","dateModified":"2023-12-06T10:45:36+00:00","breadcrumb":{"@id":"https:\/\/www.zeitgeistirland24.com\/de\/about\/#breadcrumb"},"inLanguage":"de-DE","potentialAction":[{"@type":"ReadAction","target":["https:\/\/www.zeitgeistirland24.com\/de\/about\/"]}]},{"@type":"BreadcrumbList","@id":"https:\/\/www.zeitgeistirland24.com\/de\/about\/#breadcrumb","itemListElement":[{"@type":"ListItem","position":1,"name":"Home","item":"https:\/\/www.zeitgeistirland24.com\/de\/"},{"@type":"ListItem","position":2,"name":"Zeitgeist Irland 24"}]},{"@type":"WebSite","@id":"https:\/\/www.zeitgeistirland24.com\/#website","url":"https:\/\/www.zeitgeistirland24.com\/","name":"Zeitgeist Irland 24","description":"A season of Irish arts and culture in Germany throughout 2024","publisher":{"@id":"https:\/\/www.zeitgeistirland24.com\/#organization"},"potentialAction":[{"@type":"SearchAction","target":{"@type":"EntryPoint","urlTemplate":"https:\/\/www.zeitgeistirland24.com\/?s={search_term_string}"},"query-input":{"@type":"PropertyValueSpecification","valueRequired":true,"valueName":"search_term_string"}}],"inLanguage":"de-DE"},{"@type":"Organization","@id":"https:\/\/www.zeitgeistirland24.com\/#organization","name":"Zeitgeist Irland 24","url":"https:\/\/www.zeitgeistirland24.com\/","logo":{"@type":"ImageObject","inLanguage":"de-DE","@id":"https:\/\/www.zeitgeistirland24.com\/#\/schema\/logo\/image\/","url":"https:\/\/www.zeitgeistirland24.com\/app\/uploads\/2023\/11\/zeitgeist-logo.png","contentUrl":"https:\/\/www.zeitgeistirland24.com\/app\/uploads\/2023\/11\/zeitgeist-logo.png","width":640,"height":352,"caption":"Zeitgeist Irland 24"},"image":{"@id":"https:\/\/www.zeitgeistirland24.com\/#\/schema\/logo\/image\/"},"sameAs":["https:\/\/www.facebook.com\/DepartmentofCultureIRL\/","https:\/\/x.com\/DeptCultureIRL","https:\/\/www.instagram.com\/tourism.culture.gaeltacht"]}]}},"uagb_featured_image_src":{"full":false,"thumbnail":false,"medium":false,"medium_large":false,"large":false,"1536x1536":false,"2048x2048":false,"gform-image-choice-sm":false,"gform-image-choice-md":false,"gform-image-choice-lg":false},"uagb_author_info":{"display_name":"Jose","author_link":"https:\/\/www.zeitgeistirland24.com\/de\/author\/jose\/"},"uagb_comment_info":0,"uagb_excerpt":"Eine Saison irischer Kunst und Kultur in Deutschland im Jahr 2024 Eine Initiative von Culture Ireland und der Botschaft von Irland in Deutschland. Zeitgeist Irland 24&nbsp;zelebriert&nbsp;den Reichtum und die Vielfalt &hellip; Continued","_links":{"self":[{"href":"https:\/\/www.zeitgeistirland24.com\/de\/wp-json\/wp\/v2\/pages\/218","targetHints":{"allow":["GET"]}}],"collection":[{"href":"https:\/\/www.zeitgeistirland24.com\/de\/wp-json\/wp\/v2\/pages"}],"about":[{"href":"https:\/\/www.zeitgeistirland24.com\/de\/wp-json\/wp\/v2\/types\/page"}],"author":[{"embeddable":true,"href":"https:\/\/www.zeitgeistirland24.com\/de\/wp-json\/wp\/v2\/users\/2"}],"replies":[{"embeddable":true,"href":"https:\/\/www.zeitgeistirland24.com\/de\/wp-json\/wp\/v2\/comments?post=218"}],"version-history":[{"count":7,"href":"https:\/\/www.zeitgeistirland24.com\/de\/wp-json\/wp\/v2\/pages\/218\/revisions"}],"predecessor-version":[{"id":1691,"href":"https:\/\/www.zeitgeistirland24.com\/de\/wp-json\/wp\/v2\/pages\/218\/revisions\/1691"}],"wp:attachment":[{"href":"https:\/\/www.zeitgeistirland24.com\/de\/wp-json\/wp\/v2\/media?parent=218"}],"curies":[{"name":"wp","href":"https:\/\/api.w.org\/{rel}","templated":true}]}}