{"id":225,"date":"2023-11-16T13:10:26","date_gmt":"2023-11-16T13:10:26","guid":{"rendered":"https:\/\/www.zeitgeistirland24.com\/contact\/"},"modified":"2023-12-05T18:43:58","modified_gmt":"2023-12-05T18:43:58","slug":"contact","status":"publish","type":"page","link":"https:\/\/www.zeitgeistirland24.com\/ga\/contact\/","title":{"rendered":"Teagmh\u00e1il"},"content":{"rendered":"\n<div class=\"wp-block-columns is-layout-flex wp-container-core-columns-is-layout-1 wp-block-columns-is-layout-flex\">\n<div class=\"wp-block-column is-layout-flow wp-block-column-is-layout-flow\">\n<h2 class=\"wp-block-heading\"><strong>\u00c9ire<\/strong> <\/h2>\n\n\n\n<p><strong>Cult\u00far \u00c9ireann<\/strong><br>An Tr\u00ed\u00fa hUrl\u00e1r, 23 Sr\u00e1id Chill Dara<br>Baile \u00c1tha Cliath 2, D02 TD30<br>\u00c9ire<\/p>\n\n\n\n<p>T: <a href=\"phone:35316313905\">+353 (0)1 631 3905<\/a><\/p>\n\n\n\n<p>E: <a href=\"mailto:irelandingermany@cultureireland.gov.ie\">irelandingermany@cultureireland.gov.ie<\/a><br><br><a href=\"https:\/\/cultureireland.ie\/\">Su\u00edomh gr\u00e9as\u00e1in Chult\u00far \u00c9ireann<\/a> <\/p>\n<\/div>\n\n\n\n<div class=\"wp-block-column is-layout-flow wp-block-column-is-layout-flow\">\n<h2 class=\"wp-block-heading\"><strong>An Ghearm\u00e1in<\/strong><\/h2>\n\n\n\n<p><strong>Ambas\u00e1id na h\u00c9ireann<\/strong><br>J\u00e4gerstrasse 51<br>10117 Berlin<br>An Ghearm\u00e1in <\/p>\n\n\n\n<p>T: <a href=\"phone:+4930220720\">+49 (0)30220720<\/a>   <\/p>\n\n\n\n<p>E: <a href=\"mailto:zeitgeistirland24@dfa.ie\">zeitgeistirland24@dfa.ie<\/a><br><br><a href=\"https:\/\/www.ireland.ie\/en\/germany\/\">Su\u00edomh gr\u00e9as\u00e1in \u00c9ire sa Ghearm\u00e1in<\/a><\/p>\n<\/div>\n<\/div>\n\n\n\n<h2 class=\"wp-block-heading\"><strong>Lean <em>Zeitgeist Irland 24<\/em> ar na me\u00e1in sh\u00f3isialta <\/strong><\/h2>\n\n\n\n<ul class=\"wp-block-list\">\n<li><a href=\"https:\/\/www.instagram.com\/Zeitgeist_Irland_24\/\">Instagram<\/a><\/li>\n\n\n\n<li><a href=\"https:\/\/twitter.com\/ZeitgeistIrland\">Twitter<\/a><\/li>\n\n\n\n<li><a href=\"https:\/\/www.facebook.com\/zeitgeistirland\">Facebook<\/a><\/li>\n<\/ul>\n","protected":false},"excerpt":{"rendered":"<p>\u00c9ire Cult\u00far \u00c9ireannAn Tr\u00ed\u00fa hUrl\u00e1r, 23 Sr\u00e1id Chill DaraBaile \u00c1tha Cliath 2, D02 TD30\u00c9ire T: +353 (0)1 631 3905 E: irelandingermany@cultureireland.gov.ie Su\u00edomh gr\u00e9as\u00e1in Chult\u00far \u00c9ireann An Ghearm\u00e1in Ambas\u00e1id na h\u00c9ireannJ\u00e4gerstrasse &hellip; <a href=\"https:\/\/www.zeitgeistirland24.com\/ga\/contact\/\">Continued<\/a><\/p>\n","protected":false},"author":2,"featured_media":0,"parent":0,"menu_order":0,"comment_status":"closed","ping_status":"closed","template":"","meta":{"_acf_changed":false,"_uag_custom_page_level_css":"","footnotes":""},"class_list":["post-225","page","type-page","status-publish","hentry"],"acf":[],"yoast_head":"<!-- This site is optimized with the Yoast SEO plugin v25.0 - https:\/\/yoast.com\/wordpress\/plugins\/seo\/ -->\n<title>Teagmh\u00e1il - Zeitgeist Irland 24<\/title>\n<meta name=\"robots\" content=\"index, follow, max-snippet:-1, max-image-preview:large, max-video-preview:-1\" \/>\n<link rel=\"canonical\" href=\"https:\/\/www.zeitgeistirland24.com\/ga\/contact\/\" \/>\n<meta property=\"og:locale\" content=\"ga_IE\" \/>\n<meta property=\"og:type\" content=\"article\" \/>\n<meta property=\"og:title\" content=\"Teagmh\u00e1il - Zeitgeist Irland 24\" \/>\n<meta property=\"og:description\" content=\"\u00c9ire Cult\u00far \u00c9ireannAn Tr\u00ed\u00fa hUrl\u00e1r, 23 Sr\u00e1id Chill DaraBaile \u00c1tha Cliath 2, D02 TD30\u00c9ire T: +353 (0)1 631 3905 E: irelandingermany@cultureireland.gov.ie Su\u00edomh gr\u00e9as\u00e1in Chult\u00far \u00c9ireann An Ghearm\u00e1in Ambas\u00e1id na h\u00c9ireannJ\u00e4gerstrasse &hellip; Continued\" \/>\n<meta property=\"og:url\" content=\"https:\/\/www.zeitgeistirland24.com\/ga\/contact\/\" \/>\n<meta property=\"og:site_name\" content=\"Zeitgeist Irland 24\" \/>\n<meta property=\"article:publisher\" content=\"https:\/\/www.facebook.com\/DepartmentofCultureIRL\/\" \/>\n<meta property=\"article:modified_time\" content=\"2023-12-05T18:43:58+00:00\" \/>\n<meta name=\"twitter:card\" content=\"summary_large_image\" \/>\n<meta name=\"twitter:site\" content=\"@DeptCultureIRL\" \/>\n<meta name=\"twitter:label1\" content=\"Est. reading time\" \/>\n\t<meta name=\"twitter:data1\" content=\"1 minute\" \/>\n<script type=\"application\/ld+json\" class=\"yoast-schema-graph\">{\"@context\":\"https:\/\/schema.org\",\"@graph\":[{\"@type\":\"WebPage\",\"@id\":\"https:\/\/www.zeitgeistirland24.com\/ga\/contact\/\",\"url\":\"https:\/\/www.zeitgeistirland24.com\/ga\/contact\/\",\"name\":\"Teagmh\u00e1il - Zeitgeist Irland 24\",\"isPartOf\":{\"@id\":\"https:\/\/www.zeitgeistirland24.com\/#website\"},\"datePublished\":\"2023-11-16T13:10:26+00:00\",\"dateModified\":\"2023-12-05T18:43:58+00:00\",\"breadcrumb\":{\"@id\":\"https:\/\/www.zeitgeistirland24.com\/ga\/contact\/#breadcrumb\"},\"inLanguage\":\"ga-IE\",\"potentialAction\":[{\"@type\":\"ReadAction\",\"target\":[\"https:\/\/www.zeitgeistirland24.com\/ga\/contact\/\"]}]},{\"@type\":\"BreadcrumbList\",\"@id\":\"https:\/\/www.zeitgeistirland24.com\/ga\/contact\/#breadcrumb\",\"itemListElement\":[{\"@type\":\"ListItem\",\"position\":1,\"name\":\"Home\",\"item\":\"https:\/\/www.zeitgeistirland24.com\/ga\/\"},{\"@type\":\"ListItem\",\"position\":2,\"name\":\"Teagmh\u00e1il\"}]},{\"@type\":\"WebSite\",\"@id\":\"https:\/\/www.zeitgeistirland24.com\/#website\",\"url\":\"https:\/\/www.zeitgeistirland24.com\/\",\"name\":\"Zeitgeist Irland 24\",\"description\":\"A season of Irish arts and culture in Germany throughout 2024\",\"publisher\":{\"@id\":\"https:\/\/www.zeitgeistirland24.com\/#organization\"},\"potentialAction\":[{\"@type\":\"SearchAction\",\"target\":{\"@type\":\"EntryPoint\",\"urlTemplate\":\"https:\/\/www.zeitgeistirland24.com\/?s={search_term_string}\"},\"query-input\":{\"@type\":\"PropertyValueSpecification\",\"valueRequired\":true,\"valueName\":\"search_term_string\"}}],\"inLanguage\":\"ga-IE\"},{\"@type\":\"Organization\",\"@id\":\"https:\/\/www.zeitgeistirland24.com\/#organization\",\"name\":\"Zeitgeist Irland 24\",\"url\":\"https:\/\/www.zeitgeistirland24.com\/\",\"logo\":{\"@type\":\"ImageObject\",\"inLanguage\":\"ga-IE\",\"@id\":\"https:\/\/www.zeitgeistirland24.com\/#\/schema\/logo\/image\/\",\"url\":\"https:\/\/www.zeitgeistirland24.com\/app\/uploads\/2023\/11\/zeitgeist-logo.png\",\"contentUrl\":\"https:\/\/www.zeitgeistirland24.com\/app\/uploads\/2023\/11\/zeitgeist-logo.png\",\"width\":640,\"height\":352,\"caption\":\"Zeitgeist Irland 24\"},\"image\":{\"@id\":\"https:\/\/www.zeitgeistirland24.com\/#\/schema\/logo\/image\/\"},\"sameAs\":[\"https:\/\/www.facebook.com\/DepartmentofCultureIRL\/\",\"https:\/\/x.com\/DeptCultureIRL\",\"https:\/\/www.instagram.com\/tourism.culture.gaeltacht\"]}]}<\/script>\n<!-- \/ Yoast SEO plugin. -->","yoast_head_json":{"title":"Teagmh\u00e1il - Zeitgeist Irland 24","robots":{"index":"index","follow":"follow","max-snippet":"max-snippet:-1","max-image-preview":"max-image-preview:large","max-video-preview":"max-video-preview:-1"},"canonical":"https:\/\/www.zeitgeistirland24.com\/ga\/contact\/","og_locale":"ga_IE","og_type":"article","og_title":"Teagmh\u00e1il - Zeitgeist Irland 24","og_description":"\u00c9ire Cult\u00far \u00c9ireannAn Tr\u00ed\u00fa hUrl\u00e1r, 23 Sr\u00e1id Chill DaraBaile \u00c1tha Cliath 2, D02 TD30\u00c9ire T: +353 (0)1 631 3905 E: irelandingermany@cultureireland.gov.ie Su\u00edomh gr\u00e9as\u00e1in Chult\u00far \u00c9ireann An Ghearm\u00e1in Ambas\u00e1id na h\u00c9ireannJ\u00e4gerstrasse &hellip; Continued","og_url":"https:\/\/www.zeitgeistirland24.com\/ga\/contact\/","og_site_name":"Zeitgeist Irland 24","article_publisher":"https:\/\/www.facebook.com\/DepartmentofCultureIRL\/","article_modified_time":"2023-12-05T18:43:58+00:00","twitter_card":"summary_large_image","twitter_site":"@DeptCultureIRL","twitter_misc":{"Est. reading time":"1 minute"},"schema":{"@context":"https:\/\/schema.org","@graph":[{"@type":"WebPage","@id":"https:\/\/www.zeitgeistirland24.com\/ga\/contact\/","url":"https:\/\/www.zeitgeistirland24.com\/ga\/contact\/","name":"Teagmh\u00e1il - Zeitgeist Irland 24","isPartOf":{"@id":"https:\/\/www.zeitgeistirland24.com\/#website"},"datePublished":"2023-11-16T13:10:26+00:00","dateModified":"2023-12-05T18:43:58+00:00","breadcrumb":{"@id":"https:\/\/www.zeitgeistirland24.com\/ga\/contact\/#breadcrumb"},"inLanguage":"ga-IE","potentialAction":[{"@type":"ReadAction","target":["https:\/\/www.zeitgeistirland24.com\/ga\/contact\/"]}]},{"@type":"BreadcrumbList","@id":"https:\/\/www.zeitgeistirland24.com\/ga\/contact\/#breadcrumb","itemListElement":[{"@type":"ListItem","position":1,"name":"Home","item":"https:\/\/www.zeitgeistirland24.com\/ga\/"},{"@type":"ListItem","position":2,"name":"Teagmh\u00e1il"}]},{"@type":"WebSite","@id":"https:\/\/www.zeitgeistirland24.com\/#website","url":"https:\/\/www.zeitgeistirland24.com\/","name":"Zeitgeist Irland 24","description":"A season of Irish arts and culture in Germany throughout 2024","publisher":{"@id":"https:\/\/www.zeitgeistirland24.com\/#organization"},"potentialAction":[{"@type":"SearchAction","target":{"@type":"EntryPoint","urlTemplate":"https:\/\/www.zeitgeistirland24.com\/?s={search_term_string}"},"query-input":{"@type":"PropertyValueSpecification","valueRequired":true,"valueName":"search_term_string"}}],"inLanguage":"ga-IE"},{"@type":"Organization","@id":"https:\/\/www.zeitgeistirland24.com\/#organization","name":"Zeitgeist Irland 24","url":"https:\/\/www.zeitgeistirland24.com\/","logo":{"@type":"ImageObject","inLanguage":"ga-IE","@id":"https:\/\/www.zeitgeistirland24.com\/#\/schema\/logo\/image\/","url":"https:\/\/www.zeitgeistirland24.com\/app\/uploads\/2023\/11\/zeitgeist-logo.png","contentUrl":"https:\/\/www.zeitgeistirland24.com\/app\/uploads\/2023\/11\/zeitgeist-logo.png","width":640,"height":352,"caption":"Zeitgeist Irland 24"},"image":{"@id":"https:\/\/www.zeitgeistirland24.com\/#\/schema\/logo\/image\/"},"sameAs":["https:\/\/www.facebook.com\/DepartmentofCultureIRL\/","https:\/\/x.com\/DeptCultureIRL","https:\/\/www.instagram.com\/tourism.culture.gaeltacht"]}]}},"uagb_featured_image_src":{"full":false,"thumbnail":false,"medium":false,"medium_large":false,"large":false,"1536x1536":false,"2048x2048":false,"gform-image-choice-sm":false,"gform-image-choice-md":false,"gform-image-choice-lg":false},"uagb_author_info":{"display_name":"Jose","author_link":"https:\/\/www.zeitgeistirland24.com\/ga\/author\/jose\/"},"uagb_comment_info":0,"uagb_excerpt":"\u00c9ire Cult\u00far \u00c9ireannAn Tr\u00ed\u00fa hUrl\u00e1r, 23 Sr\u00e1id Chill DaraBaile \u00c1tha Cliath 2, D02 TD30\u00c9ire T: +353 (0)1 631 3905 E: irelandingermany@cultureireland.gov.ie Su\u00edomh gr\u00e9as\u00e1in Chult\u00far \u00c9ireann An Ghearm\u00e1in Ambas\u00e1id na h\u00c9ireannJ\u00e4gerstrasse &hellip; Continued","_links":{"self":[{"href":"https:\/\/www.zeitgeistirland24.com\/ga\/wp-json\/wp\/v2\/pages\/225","targetHints":{"allow":["GET"]}}],"collection":[{"href":"https:\/\/www.zeitgeistirland24.com\/ga\/wp-json\/wp\/v2\/pages"}],"about":[{"href":"https:\/\/www.zeitgeistirland24.com\/ga\/wp-json\/wp\/v2\/types\/page"}],"author":[{"embeddable":true,"href":"https:\/\/www.zeitgeistirland24.com\/ga\/wp-json\/wp\/v2\/users\/2"}],"replies":[{"embeddable":true,"href":"https:\/\/www.zeitgeistirland24.com\/ga\/wp-json\/wp\/v2\/comments?post=225"}],"version-history":[{"count":4,"href":"https:\/\/www.zeitgeistirland24.com\/ga\/wp-json\/wp\/v2\/pages\/225\/revisions"}],"predecessor-version":[{"id":1631,"href":"https:\/\/www.zeitgeistirland24.com\/ga\/wp-json\/wp\/v2\/pages\/225\/revisions\/1631"}],"wp:attachment":[{"href":"https:\/\/www.zeitgeistirland24.com\/ga\/wp-json\/wp\/v2\/media?parent=225"}],"curies":[{"name":"wp","href":"https:\/\/api.w.org\/{rel}","templated":true}]}}